{"id":11,"date":"2015-02-28T15:36:57","date_gmt":"2015-02-28T15:36:57","guid":{"rendered":"http:\/\/unikvc.weblusive-themes.com\/?page_id=11"},"modified":"2025-11-21T13:05:45","modified_gmt":"2025-11-21T13:05:45","slug":"o-nama","status":"publish","type":"page","link":"https:\/\/www.lenger.hr\/en\/o-nama\/","title":{"rendered":"About us"},"content":{"rendered":"<div class=\"wpb-content-wrapper\"><p>[vc_row css=&#8221;.vc_custom_1487682731540{margin-bottom: 20px !important;}&#8221;][vc_column]<div class=\"box-section   float-image-section\" style=\" background-color:#ffffff !important;\">[vc_row_inner css=&#8221;.vc_custom_1425146788755{margin-bottom: 0px !important;}&#8221;][vc_column_inner width=&#8221;5\/12&#8243;][vc_column_text css=&#8221;.vc_custom_1487665170755{margin-bottom: 0px !important;}&#8221;]<img loading=\"lazy\" decoding=\"async\" class=\"alignnone size-full wp-image-378\" src=\"http:\/\/www.lenger.hr\/wp-content\/uploads\/2015\/02\/lenger-o-nama-homepage.jpg\" alt=\"\" width=\"386\" height=\"446\" srcset=\"https:\/\/www.lenger.hr\/wp-content\/uploads\/2015\/02\/lenger-o-nama-homepage.jpg 386w, https:\/\/www.lenger.hr\/wp-content\/uploads\/2015\/02\/lenger-o-nama-homepage-260x300.jpg 260w\" sizes=\"auto, (max-width: 386px) 100vw, 386px\" \/>[\/vc_column_text][\/vc_column_inner][vc_column_inner width=&#8221;7\/12&#8243;][vc_column_text css=&#8221;.vc_custom_1721658357027{margin-bottom: 0px !important;}&#8221;]<\/p>\n<div class=\"cont-box\">\n<h2>O nama<\/h2>\n<p>Tvtrka LENGER d.o.o. je osnovana 1992. godine u Zagrebu i od tada uspje\u0161no posluje prete\u017eno na hrvatskom ali i na tr\u017ei\u0161tima okolnih zemalja. Specijalizirani smo za veleprodaju opreme za dizanje, prihvat i transport tereta kao \u0161to su:<\/p>\n<ul>\n<li>\u010deli\u010dna u\u017ead<\/li>\n<li>lanci<\/li>\n<li>pribor (kuke, \u0161kopci, alke, hvataljke i sl.)<\/li>\n<li>priveznice od \u010deli\u010dne u\u017eadi i lanaca te poliester priveznice<\/li>\n<li>dizalice i vitla svih vrsta (ru\u010dna i elektri\u010dna)<\/li>\n<li>digitalni dinamometri i kranske vage<\/li>\n<li>ostala oprema za prihvat i transport tereta<\/li>\n<li>oprema za osiguranje osoba za rad na visinama (za\u0161titni prsluci, pojasevi)<\/li>\n<\/ul>\n<\/div>\n<p>[\/vc_column_text][\/vc_column_inner][\/vc_row_inner][vc_empty_space][vc_column_text]<strong>Tvrtka LENGER d.o.o. je generalni zastupnik i distributer za Hrvatsku tvrtki:<\/strong>[\/vc_column_text]\n\t\t<div class=\"carshort \">\n\t\t\t\t<ul class=\"clients-logo customcar57841 \" id=\"\" ><li><a href=\"https:\/\/www.cordes.eu\/en\"><img loading=\"lazy\" decoding=\"async\" class=\"alignnone size-full wp-image-931\" src=\"http:\/\/www.lenger.hr\/wp-content\/uploads\/2025\/11\/logo-en-GB.png\" alt=\"\" width=\"286\" height=\"90\" \/><\/a><\/li>\n<li><a href=\"https:\/\/www.variofit.com\/en\"><img loading=\"lazy\" decoding=\"async\" class=\"alignnone size-medium wp-image-930\" src=\"http:\/\/www.lenger.hr\/wp-content\/uploads\/2025\/11\/variofit-logo-300x124.jpg\" alt=\"\" width=\"300\" height=\"124\" srcset=\"https:\/\/www.lenger.hr\/wp-content\/uploads\/2025\/11\/variofit-logo-300x124.jpg 300w, https:\/\/www.lenger.hr\/wp-content\/uploads\/2025\/11\/variofit-logo.jpg 581w\" sizes=\"auto, (max-width: 300px) 100vw, 300px\" \/><\/a><\/li>\n<li><a href=\"http:\/\/www.carlstahl.com\/divisions.html\" target=\"_blank\" rel=\"noopener\"><img loading=\"lazy\" decoding=\"async\" class=\"alignnone wp-image-388 size-full\" src=\"http:\/\/www.lenger.hr\/wp-content\/uploads\/2015\/02\/carl-stahl-b-w-logo.jpg\" alt=\"\" width=\"237\" height=\"128\" \/><\/a><\/li>\n\t\t\t\t<\/ul>\n\t\t<\/div>\n\t\t<script type=\"text\/javascript\">\n\t\t\tjQuery(document).ready(function(){\n\t\t\t\tjQuery(\".customcar57841\").bxSlider({ \n\t\t\t\t\tslideWidth: 257,\n\t\t\t\t\tminSlides: 1,\n\t\t\t\t\tmaxSlides: 6,\n\t\t\t\t\tauto: false,\n\t\t\t\t\tpause : 4000,\n\t\t\t\t\tslideMargin: 0,\n\t\t\t\t\tpager:false,\n\t\t\t\t\tcontrols: false,\n\t\t\t\t\tnextText: \"\",\n\t\t\t\t\tprevText:\"\"\n\t\t\t\t});\n\t\t\t\t})\n\t\t<\/script>\n\t\t<div class=\"carshort \">\n\t\t\t\t<ul class=\"clients-logo customcar10437 \" id=\"\" ><li><img loading=\"lazy\" decoding=\"async\" class=\"alignnone size-full wp-image-886\" src=\"http:\/\/www.lenger.hr\/wp-content\/uploads\/2024\/07\/spanset-web.png\" alt=\"\" width=\"237\" height=\"128\" \/><\/li>\n<li><a href=\"http:\/\/www.straightpoint.com\/\" target=\"_blank\" rel=\"noopener\"><img loading=\"lazy\" decoding=\"async\" class=\"alignnone wp-image-390 size-full\" src=\"http:\/\/www.lenger.hr\/wp-content\/uploads\/2015\/02\/straightpoint-uk-logo-cb.jpg\" alt=\"\" width=\"237\" height=\"128\" \/><\/a><\/li>\n\t\t\t\t<\/ul>\n\t\t<\/div>\n\t\t<script type=\"text\/javascript\">\n\t\t\tjQuery(document).ready(function(){\n\t\t\t\tjQuery(\".customcar10437\").bxSlider({ \n\t\t\t\t\tslideWidth: 257,\n\t\t\t\t\tminSlides: 1,\n\t\t\t\t\tmaxSlides: 6,\n\t\t\t\t\tauto: false,\n\t\t\t\t\tpause : 4000,\n\t\t\t\t\tslideMargin: 0,\n\t\t\t\t\tpager:false,\n\t\t\t\t\tcontrols: false,\n\t\t\t\t\tnextText: \"\",\n\t\t\t\t\tprevText:\"\"\n\t\t\t\t});\n\t\t\t\t})\n\t\t<\/script>[vc_empty_space][vc_column_text]Uz to sura\u0111ujemo i sa nizom drugih renomiranih europskih tvrtki i proizvo\u0111a\u010da, te u skladu s tim svi proizvodi koje prodajemo dolaze sa certifikatima i visoke su odnosno profesionalne kvalitete. Ukoliko Vam je potrebno kvalitetno i sigurno rje\u0161enje za prihvat i transport tereta slobodno nam se obratite. Na obostrano zadovoljstvo \u0107emo rije\u0161iti sve va\u0161e potrebe.[\/vc_column_text]<\/div>[\/vc_column][\/vc_row]<\/p>\n<\/div>","protected":false},"excerpt":{"rendered":"<p>[vc_row css=&#8221;.vc_custom_1487682731540{margin-bottom: 20px !important;}&#8221;][vc_column][\/vc_column][\/vc_row]<\/p>\n","protected":false},"author":1,"featured_media":374,"parent":0,"menu_order":0,"comment_status":"open","ping_status":"open","template":"","meta":{"footnotes":""},"class_list":["post-11","page","type-page","status-publish","has-post-thumbnail","hentry"],"yoast_head":"<!-- This site is optimized with the Yoast SEO plugin v27.5 - https:\/\/yoast.com\/product\/yoast-seo-wordpress\/ -->\n<title>About us - LENGER d.o.o.<\/title>\n<meta name=\"robots\" content=\"index, follow, max-snippet:-1, max-image-preview:large, max-video-preview:-1\" \/>\n<link rel=\"canonical\" href=\"https:\/\/www.lenger.hr\/en\/o-nama\/\" \/>\n<meta property=\"og:locale\" content=\"en_US\" \/>\n<meta property=\"og:type\" content=\"article\" \/>\n<meta property=\"og:title\" content=\"[:hr]O nama[:en]About us[:] - LENGER d.o.o.\" \/>\n<meta property=\"og:description\" content=\"[vc_row css=&#8221;.vc_custom_1487682731540{margin-bottom: 20px !important;}&#8221;][vc_column][\/vc_column][\/vc_row]\" \/>\n<meta property=\"og:url\" content=\"https:\/\/www.lenger.hr\/en\/o-nama\/\" \/>\n<meta property=\"og:site_name\" content=\"LENGER d.o.o.\" \/>\n<meta property=\"article:modified_time\" content=\"2025-11-21T13:05:45+00:00\" \/>\n<meta property=\"og:image\" content=\"https:\/\/www.lenger.hr\/wp-content\/uploads\/2015\/02\/hd-img1.jpg\" \/>\n\t<meta property=\"og:image:width\" content=\"710\" \/>\n\t<meta property=\"og:image:height\" content=\"193\" \/>\n\t<meta property=\"og:image:type\" content=\"image\/jpeg\" \/>\n<meta name=\"twitter:card\" content=\"summary_large_image\" \/>\n<meta name=\"twitter:label1\" content=\"Est. reading time\" \/>\n\t<meta name=\"twitter:data1\" content=\"4 minutes\" \/>\n<script type=\"application\/ld+json\" class=\"yoast-schema-graph\">{\"@context\":\"https:\\\/\\\/schema.org\",\"@graph\":[{\"@type\":\"WebPage\",\"@id\":\"https:\\\/\\\/www.lenger.hr\\\/en\\\/o-nama\\\/\",\"url\":\"https:\\\/\\\/www.lenger.hr\\\/en\\\/o-nama\\\/\",\"name\":\"[:hr]O nama[:en]About us[:] - LENGER d.o.o.\",\"isPartOf\":{\"@id\":\"https:\\\/\\\/www.lenger.hr\\\/#website\"},\"primaryImageOfPage\":{\"@id\":\"https:\\\/\\\/www.lenger.hr\\\/en\\\/o-nama\\\/#primaryimage\"},\"image\":{\"@id\":\"https:\\\/\\\/www.lenger.hr\\\/en\\\/o-nama\\\/#primaryimage\"},\"thumbnailUrl\":\"https:\\\/\\\/www.lenger.hr\\\/wp-content\\\/uploads\\\/2015\\\/02\\\/hd-img1.jpg\",\"datePublished\":\"2015-02-28T15:36:57+00:00\",\"dateModified\":\"2025-11-21T13:05:45+00:00\",\"breadcrumb\":{\"@id\":\"https:\\\/\\\/www.lenger.hr\\\/en\\\/o-nama\\\/#breadcrumb\"},\"inLanguage\":\"en-US\",\"potentialAction\":[{\"@type\":\"ReadAction\",\"target\":[\"https:\\\/\\\/www.lenger.hr\\\/en\\\/o-nama\\\/\"]}]},{\"@type\":\"ImageObject\",\"inLanguage\":\"en-US\",\"@id\":\"https:\\\/\\\/www.lenger.hr\\\/en\\\/o-nama\\\/#primaryimage\",\"url\":\"https:\\\/\\\/www.lenger.hr\\\/wp-content\\\/uploads\\\/2015\\\/02\\\/hd-img1.jpg\",\"contentUrl\":\"https:\\\/\\\/www.lenger.hr\\\/wp-content\\\/uploads\\\/2015\\\/02\\\/hd-img1.jpg\",\"width\":710,\"height\":193},{\"@type\":\"BreadcrumbList\",\"@id\":\"https:\\\/\\\/www.lenger.hr\\\/en\\\/o-nama\\\/#breadcrumb\",\"itemListElement\":[{\"@type\":\"ListItem\",\"position\":1,\"name\":\"Po\u010detna stranica\",\"item\":\"https:\\\/\\\/www.lenger.hr\\\/\"},{\"@type\":\"ListItem\",\"position\":2,\"name\":\"About us\"}]},{\"@type\":\"WebSite\",\"@id\":\"https:\\\/\\\/www.lenger.hr\\\/#website\",\"url\":\"https:\\\/\\\/www.lenger.hr\\\/\",\"name\":\"LENGER d.o.o.\",\"description\":\"\",\"potentialAction\":[{\"@type\":\"SearchAction\",\"target\":{\"@type\":\"EntryPoint\",\"urlTemplate\":\"https:\\\/\\\/www.lenger.hr\\\/?s={search_term_string}\"},\"query-input\":{\"@type\":\"PropertyValueSpecification\",\"valueRequired\":true,\"valueName\":\"search_term_string\"}}],\"inLanguage\":\"en-US\"}]}<\/script>\n<!-- \/ Yoast SEO plugin. -->","yoast_head_json":{"title":"[:hr]O nama[:en]About us[:] - LENGER d.o.o.","robots":{"index":"index","follow":"follow","max-snippet":"max-snippet:-1","max-image-preview":"max-image-preview:large","max-video-preview":"max-video-preview:-1"},"canonical":"https:\/\/www.lenger.hr\/en\/o-nama\/","og_locale":"en_US","og_type":"article","og_title":"[:hr]O nama[:en]About us[:] - LENGER d.o.o.","og_description":"[vc_row css=&#8221;.vc_custom_1487682731540{margin-bottom: 20px !important;}&#8221;][vc_column][\/vc_column][\/vc_row]","og_url":"https:\/\/www.lenger.hr\/en\/o-nama\/","og_site_name":"LENGER d.o.o.","article_modified_time":"2025-11-21T13:05:45+00:00","og_image":[{"width":710,"height":193,"url":"https:\/\/www.lenger.hr\/wp-content\/uploads\/2015\/02\/hd-img1.jpg","type":"image\/jpeg"}],"twitter_card":"summary_large_image","twitter_misc":{"Est. reading time":"4 minutes"},"schema":{"@context":"https:\/\/schema.org","@graph":[{"@type":"WebPage","@id":"https:\/\/www.lenger.hr\/en\/o-nama\/","url":"https:\/\/www.lenger.hr\/en\/o-nama\/","name":"[:hr]O nama[:en]About us[:] - LENGER d.o.o.","isPartOf":{"@id":"https:\/\/www.lenger.hr\/#website"},"primaryImageOfPage":{"@id":"https:\/\/www.lenger.hr\/en\/o-nama\/#primaryimage"},"image":{"@id":"https:\/\/www.lenger.hr\/en\/o-nama\/#primaryimage"},"thumbnailUrl":"https:\/\/www.lenger.hr\/wp-content\/uploads\/2015\/02\/hd-img1.jpg","datePublished":"2015-02-28T15:36:57+00:00","dateModified":"2025-11-21T13:05:45+00:00","breadcrumb":{"@id":"https:\/\/www.lenger.hr\/en\/o-nama\/#breadcrumb"},"inLanguage":"en-US","potentialAction":[{"@type":"ReadAction","target":["https:\/\/www.lenger.hr\/en\/o-nama\/"]}]},{"@type":"ImageObject","inLanguage":"en-US","@id":"https:\/\/www.lenger.hr\/en\/o-nama\/#primaryimage","url":"https:\/\/www.lenger.hr\/wp-content\/uploads\/2015\/02\/hd-img1.jpg","contentUrl":"https:\/\/www.lenger.hr\/wp-content\/uploads\/2015\/02\/hd-img1.jpg","width":710,"height":193},{"@type":"BreadcrumbList","@id":"https:\/\/www.lenger.hr\/en\/o-nama\/#breadcrumb","itemListElement":[{"@type":"ListItem","position":1,"name":"Po\u010detna stranica","item":"https:\/\/www.lenger.hr\/"},{"@type":"ListItem","position":2,"name":"About us"}]},{"@type":"WebSite","@id":"https:\/\/www.lenger.hr\/#website","url":"https:\/\/www.lenger.hr\/","name":"LENGER d.o.o.","description":"","potentialAction":[{"@type":"SearchAction","target":{"@type":"EntryPoint","urlTemplate":"https:\/\/www.lenger.hr\/?s={search_term_string}"},"query-input":{"@type":"PropertyValueSpecification","valueRequired":true,"valueName":"search_term_string"}}],"inLanguage":"en-US"}]}},"_links":{"self":[{"href":"https:\/\/www.lenger.hr\/en\/wp-json\/wp\/v2\/pages\/11","targetHints":{"allow":["GET"]}}],"collection":[{"href":"https:\/\/www.lenger.hr\/en\/wp-json\/wp\/v2\/pages"}],"about":[{"href":"https:\/\/www.lenger.hr\/en\/wp-json\/wp\/v2\/types\/page"}],"author":[{"embeddable":true,"href":"https:\/\/www.lenger.hr\/en\/wp-json\/wp\/v2\/users\/1"}],"replies":[{"embeddable":true,"href":"https:\/\/www.lenger.hr\/en\/wp-json\/wp\/v2\/comments?post=11"}],"version-history":[{"count":38,"href":"https:\/\/www.lenger.hr\/en\/wp-json\/wp\/v2\/pages\/11\/revisions"}],"predecessor-version":[{"id":946,"href":"https:\/\/www.lenger.hr\/en\/wp-json\/wp\/v2\/pages\/11\/revisions\/946"}],"wp:featuredmedia":[{"embeddable":true,"href":"https:\/\/www.lenger.hr\/en\/wp-json\/wp\/v2\/media\/374"}],"wp:attachment":[{"href":"https:\/\/www.lenger.hr\/en\/wp-json\/wp\/v2\/media?parent=11"}],"curies":[{"name":"wp","href":"https:\/\/api.w.org\/{rel}","templated":true}]}}