{"id":664,"date":"2017-03-20T10:18:35","date_gmt":"2017-03-20T10:18:35","guid":{"rendered":"http:\/\/www.lenger.hr\/?page_id=664"},"modified":"2017-05-11T10:36:13","modified_gmt":"2017-05-11T10:36:13","slug":"upresavanje-celicnog-uzeta","status":"publish","type":"page","link":"http:\/\/www.lenger.hr\/en\/upresavanje-celicnog-uzeta\/","title":{"rendered":"Wire rope pressing"},"content":{"rendered":"<div class=\"wpb-content-wrapper\"><p>[vc_row][vc_column]<div class=\"box-section   \" style=\"\"><h2 class=\"   \" >Wire rope pressing<\/h2>[vc_column_text]We offer the service of pressing any kind of end fitting to a wire rope (based on customers needs).[\/vc_column_text]<\/div>[\/vc_column][\/vc_row]<\/p>\n<\/div>","protected":false},"excerpt":{"rendered":"<p>[vc_row][vc_column][\/vc_column][\/vc_row]<\/p>\n","protected":false},"author":1,"featured_media":665,"parent":0,"menu_order":0,"comment_status":"closed","ping_status":"closed","template":"","meta":{"footnotes":""},"class_list":["post-664","page","type-page","status-publish","has-post-thumbnail","hentry"],"yoast_head":"<!-- This site is optimized with the Yoast SEO plugin v27.5 - https:\/\/yoast.com\/product\/yoast-seo-wordpress\/ -->\n<title>Wire rope pressing - LENGER d.o.o.<\/title>\n<meta name=\"robots\" content=\"index, follow, max-snippet:-1, max-image-preview:large, max-video-preview:-1\" \/>\n<link rel=\"canonical\" href=\"https:\/\/www.lenger.hr\/en\/upresavanje-celicnog-uzeta\/\" \/>\n<meta property=\"og:locale\" content=\"en_US\" \/>\n<meta property=\"og:type\" content=\"article\" \/>\n<meta property=\"og:title\" content=\"[:hr]Upre\u0161avanje \u010deli\u010dnog u\u017eeta[:en]Wire rope pressing[:] - LENGER d.o.o.\" \/>\n<meta property=\"og:description\" content=\"[vc_row][vc_column][\/vc_column][\/vc_row]\" \/>\n<meta property=\"og:url\" content=\"https:\/\/www.lenger.hr\/en\/upresavanje-celicnog-uzeta\/\" \/>\n<meta property=\"og:site_name\" content=\"LENGER d.o.o.\" \/>\n<meta property=\"article:modified_time\" content=\"2017-05-11T10:36:13+00:00\" \/>\n<meta property=\"og:image\" content=\"https:\/\/www.lenger.hr\/wp-content\/uploads\/2017\/03\/usluga-upresavanje.jpg\" \/>\n\t<meta property=\"og:image:width\" content=\"810\" \/>\n\t<meta property=\"og:image:height\" content=\"220\" \/>\n\t<meta property=\"og:image:type\" content=\"image\/jpeg\" \/>\n<meta name=\"twitter:card\" content=\"summary_large_image\" \/>\n<script type=\"application\/ld+json\" class=\"yoast-schema-graph\">{\"@context\":\"https:\\\/\\\/schema.org\",\"@graph\":[{\"@type\":\"WebPage\",\"@id\":\"https:\\\/\\\/www.lenger.hr\\\/en\\\/upresavanje-celicnog-uzeta\\\/\",\"url\":\"https:\\\/\\\/www.lenger.hr\\\/en\\\/upresavanje-celicnog-uzeta\\\/\",\"name\":\"[:hr]Upre\u0161avanje \u010deli\u010dnog u\u017eeta[:en]Wire rope pressing[:] - LENGER d.o.o.\",\"isPartOf\":{\"@id\":\"http:\\\/\\\/www.lenger.hr\\\/en\\\/#website\"},\"primaryImageOfPage\":{\"@id\":\"https:\\\/\\\/www.lenger.hr\\\/en\\\/upresavanje-celicnog-uzeta\\\/#primaryimage\"},\"image\":{\"@id\":\"https:\\\/\\\/www.lenger.hr\\\/en\\\/upresavanje-celicnog-uzeta\\\/#primaryimage\"},\"thumbnailUrl\":\"http:\\\/\\\/www.lenger.hr\\\/wp-content\\\/uploads\\\/2017\\\/03\\\/usluga-upresavanje.jpg\",\"datePublished\":\"2017-03-20T10:18:35+00:00\",\"dateModified\":\"2017-05-11T10:36:13+00:00\",\"breadcrumb\":{\"@id\":\"https:\\\/\\\/www.lenger.hr\\\/en\\\/upresavanje-celicnog-uzeta\\\/#breadcrumb\"},\"inLanguage\":\"en-US\",\"potentialAction\":[{\"@type\":\"ReadAction\",\"target\":[\"https:\\\/\\\/www.lenger.hr\\\/en\\\/upresavanje-celicnog-uzeta\\\/\"]}]},{\"@type\":\"ImageObject\",\"inLanguage\":\"en-US\",\"@id\":\"https:\\\/\\\/www.lenger.hr\\\/en\\\/upresavanje-celicnog-uzeta\\\/#primaryimage\",\"url\":\"http:\\\/\\\/www.lenger.hr\\\/wp-content\\\/uploads\\\/2017\\\/03\\\/usluga-upresavanje.jpg\",\"contentUrl\":\"http:\\\/\\\/www.lenger.hr\\\/wp-content\\\/uploads\\\/2017\\\/03\\\/usluga-upresavanje.jpg\",\"width\":810,\"height\":220},{\"@type\":\"BreadcrumbList\",\"@id\":\"https:\\\/\\\/www.lenger.hr\\\/en\\\/upresavanje-celicnog-uzeta\\\/#breadcrumb\",\"itemListElement\":[{\"@type\":\"ListItem\",\"position\":1,\"name\":\"Po\u010detna stranica\",\"item\":\"https:\\\/\\\/www.lenger.hr\\\/\"},{\"@type\":\"ListItem\",\"position\":2,\"name\":\"Wire rope pressing\"}]},{\"@type\":\"WebSite\",\"@id\":\"http:\\\/\\\/www.lenger.hr\\\/en\\\/#website\",\"url\":\"http:\\\/\\\/www.lenger.hr\\\/en\\\/\",\"name\":\"LENGER d.o.o.\",\"description\":\"\",\"potentialAction\":[{\"@type\":\"SearchAction\",\"target\":{\"@type\":\"EntryPoint\",\"urlTemplate\":\"http:\\\/\\\/www.lenger.hr\\\/en\\\/?s={search_term_string}\"},\"query-input\":{\"@type\":\"PropertyValueSpecification\",\"valueRequired\":true,\"valueName\":\"search_term_string\"}}],\"inLanguage\":\"en-US\"}]}<\/script>\n<!-- \/ Yoast SEO plugin. -->","yoast_head_json":{"title":"[:hr]Upre\u0161avanje \u010deli\u010dnog u\u017eeta[:en]Wire rope pressing[:] - LENGER d.o.o.","robots":{"index":"index","follow":"follow","max-snippet":"max-snippet:-1","max-image-preview":"max-image-preview:large","max-video-preview":"max-video-preview:-1"},"canonical":"https:\/\/www.lenger.hr\/en\/upresavanje-celicnog-uzeta\/","og_locale":"en_US","og_type":"article","og_title":"[:hr]Upre\u0161avanje \u010deli\u010dnog u\u017eeta[:en]Wire rope pressing[:] - LENGER d.o.o.","og_description":"[vc_row][vc_column][\/vc_column][\/vc_row]","og_url":"https:\/\/www.lenger.hr\/en\/upresavanje-celicnog-uzeta\/","og_site_name":"LENGER d.o.o.","article_modified_time":"2017-05-11T10:36:13+00:00","og_image":[{"width":810,"height":220,"url":"https:\/\/www.lenger.hr\/wp-content\/uploads\/2017\/03\/usluga-upresavanje.jpg","type":"image\/jpeg"}],"twitter_card":"summary_large_image","schema":{"@context":"https:\/\/schema.org","@graph":[{"@type":"WebPage","@id":"https:\/\/www.lenger.hr\/en\/upresavanje-celicnog-uzeta\/","url":"https:\/\/www.lenger.hr\/en\/upresavanje-celicnog-uzeta\/","name":"[:hr]Upre\u0161avanje \u010deli\u010dnog u\u017eeta[:en]Wire rope pressing[:] - LENGER d.o.o.","isPartOf":{"@id":"http:\/\/www.lenger.hr\/en\/#website"},"primaryImageOfPage":{"@id":"https:\/\/www.lenger.hr\/en\/upresavanje-celicnog-uzeta\/#primaryimage"},"image":{"@id":"https:\/\/www.lenger.hr\/en\/upresavanje-celicnog-uzeta\/#primaryimage"},"thumbnailUrl":"http:\/\/www.lenger.hr\/wp-content\/uploads\/2017\/03\/usluga-upresavanje.jpg","datePublished":"2017-03-20T10:18:35+00:00","dateModified":"2017-05-11T10:36:13+00:00","breadcrumb":{"@id":"https:\/\/www.lenger.hr\/en\/upresavanje-celicnog-uzeta\/#breadcrumb"},"inLanguage":"en-US","potentialAction":[{"@type":"ReadAction","target":["https:\/\/www.lenger.hr\/en\/upresavanje-celicnog-uzeta\/"]}]},{"@type":"ImageObject","inLanguage":"en-US","@id":"https:\/\/www.lenger.hr\/en\/upresavanje-celicnog-uzeta\/#primaryimage","url":"http:\/\/www.lenger.hr\/wp-content\/uploads\/2017\/03\/usluga-upresavanje.jpg","contentUrl":"http:\/\/www.lenger.hr\/wp-content\/uploads\/2017\/03\/usluga-upresavanje.jpg","width":810,"height":220},{"@type":"BreadcrumbList","@id":"https:\/\/www.lenger.hr\/en\/upresavanje-celicnog-uzeta\/#breadcrumb","itemListElement":[{"@type":"ListItem","position":1,"name":"Po\u010detna stranica","item":"https:\/\/www.lenger.hr\/"},{"@type":"ListItem","position":2,"name":"Wire rope pressing"}]},{"@type":"WebSite","@id":"http:\/\/www.lenger.hr\/en\/#website","url":"http:\/\/www.lenger.hr\/en\/","name":"LENGER d.o.o.","description":"","potentialAction":[{"@type":"SearchAction","target":{"@type":"EntryPoint","urlTemplate":"http:\/\/www.lenger.hr\/en\/?s={search_term_string}"},"query-input":{"@type":"PropertyValueSpecification","valueRequired":true,"valueName":"search_term_string"}}],"inLanguage":"en-US"}]}},"_links":{"self":[{"href":"http:\/\/www.lenger.hr\/en\/wp-json\/wp\/v2\/pages\/664","targetHints":{"allow":["GET"]}}],"collection":[{"href":"http:\/\/www.lenger.hr\/en\/wp-json\/wp\/v2\/pages"}],"about":[{"href":"http:\/\/www.lenger.hr\/en\/wp-json\/wp\/v2\/types\/page"}],"author":[{"embeddable":true,"href":"http:\/\/www.lenger.hr\/en\/wp-json\/wp\/v2\/users\/1"}],"replies":[{"embeddable":true,"href":"http:\/\/www.lenger.hr\/en\/wp-json\/wp\/v2\/comments?post=664"}],"version-history":[{"count":4,"href":"http:\/\/www.lenger.hr\/en\/wp-json\/wp\/v2\/pages\/664\/revisions"}],"predecessor-version":[{"id":823,"href":"http:\/\/www.lenger.hr\/en\/wp-json\/wp\/v2\/pages\/664\/revisions\/823"}],"wp:featuredmedia":[{"embeddable":true,"href":"http:\/\/www.lenger.hr\/en\/wp-json\/wp\/v2\/media\/665"}],"wp:attachment":[{"href":"http:\/\/www.lenger.hr\/en\/wp-json\/wp\/v2\/media?parent=664"}],"curies":[{"name":"wp","href":"https:\/\/api.w.org\/{rel}","templated":true}]}}