{"id":504,"date":"2017-02-22T11:49:22","date_gmt":"2017-02-22T11:49:22","guid":{"rendered":"http:\/\/www.lenger.hr\/?page_id=504"},"modified":"2024-07-22T15:00:48","modified_gmt":"2024-07-22T15:00:48","slug":"poliester-priveznice-2","status":"publish","type":"page","link":"http:\/\/www.lenger.hr\/en\/proizvodi\/poliester-priveznice-2\/","title":{"rendered":"Poliester slings"},"content":{"rendered":"<div class=\"wpb-content-wrapper\"><p>[vc_row css=&#8221;.vc_custom_1487689285221{margin-bottom: 20px !important;}&#8221;][vc_column]<div class=\"box-section   \" style=\" background-color:#ffffff !important;\">[vc_row_inner][vc_column_inner][vc_column_text]Proizvodimo i prodajemo sve vrste i izvedbe poliester priveznica. Bilo da se radi o poliester priveznicama sa om\u010dama ili o kru\u017enim poliester priveznicama, kao i o jednokrakim, dvokrakim, trokrakim ili \u010detverokrakim kompletima, mo\u017eemo rije\u0161iti sve va\u0161e potrebe. Tako\u0111er nudimo i priveznice za posebne namjene, npr. za dizanje brodova, za velike terete, velikih du\u017eina ili sa posebnom za\u0161titom protiv habanja. Za sve Va\u0161e potrebe slobodno pogledajte na\u0161e kataloge te nam se obratite s povjerenjem. Sve va\u0161e upite i narud\u017ebe \u0107emo obraditi brzo, profesionalno i na obostrano zadovoljstvo.[\/vc_column_text][vc_column_text css=&#8221;&#8221;]<a href=\"http:\/\/www.lenger.hr\/wp-content\/uploads\/2024\/07\/Spanset-Lifting-Catalogue.pdf\"  class=\"btn btn-sm btn-default   \" style=\"\"><i class=\"fa fa-file-pdf-o\"><\/i>Spanset katalog PDF (10 MB)<\/a><\/p>\n<p><a href=\"http:\/\/www.lenger.hr\/katalog\/\"  class=\"btn btn-sm btn-default   \" style=\"\"><i class=\"fa fa-hand-paper-o\"><\/i>Prelistaj online<\/a>[\/vc_column_text][vc_gallery type=&#8221;image_grid&#8221; images=&#8221;507,508&#8243;][\/vc_column_inner][\/vc_row_inner]<\/div>[\/vc_column][\/vc_row]<\/p>\n<\/div>","protected":false},"excerpt":{"rendered":"<p>[vc_row css=&#8221;.vc_custom_1487689285221{margin-bottom: 20px !important;}&#8221;][vc_column][\/vc_column][\/vc_row]<\/p>\n","protected":false},"author":1,"featured_media":721,"parent":341,"menu_order":0,"comment_status":"closed","ping_status":"closed","template":"","meta":{"footnotes":""},"class_list":["post-504","page","type-page","status-publish","has-post-thumbnail","hentry"],"yoast_head":"<!-- This site is optimized with the Yoast SEO plugin v27.0 - https:\/\/yoast.com\/product\/yoast-seo-wordpress\/ -->\n<title>Poliester slings - LENGER d.o.o.<\/title>\n<meta name=\"robots\" content=\"index, follow, max-snippet:-1, max-image-preview:large, max-video-preview:-1\" \/>\n<link rel=\"canonical\" href=\"http:\/\/www.lenger.hr\/en\/proizvodi\/poliester-priveznice-2\/\" \/>\n<meta property=\"og:locale\" content=\"en_US\" \/>\n<meta property=\"og:type\" content=\"article\" \/>\n<meta property=\"og:title\" content=\"[:hr]Poliester priveznice[:en]Poliester slings[:] - LENGER d.o.o.\" \/>\n<meta property=\"og:description\" content=\"[vc_row css=&#8221;.vc_custom_1487689285221{margin-bottom: 20px !important;}&#8221;][vc_column][\/vc_column][\/vc_row]\" \/>\n<meta property=\"og:url\" content=\"http:\/\/www.lenger.hr\/en\/proizvodi\/poliester-priveznice-2\/\" \/>\n<meta property=\"og:site_name\" content=\"LENGER d.o.o.\" \/>\n<meta property=\"article:modified_time\" content=\"2024-07-22T15:00:48+00:00\" \/>\n<meta property=\"og:image\" content=\"http:\/\/www.lenger.hr\/wp-content\/uploads\/2017\/02\/poliester-priveznice-gornja-slika.jpg\" \/>\n\t<meta property=\"og:image:width\" content=\"810\" \/>\n\t<meta property=\"og:image:height\" content=\"220\" \/>\n\t<meta property=\"og:image:type\" content=\"image\/jpeg\" \/>\n<meta name=\"twitter:card\" content=\"summary_large_image\" \/>\n<meta name=\"twitter:label1\" content=\"Est. reading time\" \/>\n\t<meta name=\"twitter:data1\" content=\"1 minute\" \/>\n<script type=\"application\/ld+json\" class=\"yoast-schema-graph\">{\"@context\":\"https:\/\/schema.org\",\"@graph\":[{\"@type\":\"WebPage\",\"@id\":\"http:\/\/www.lenger.hr\/en\/proizvodi\/poliester-priveznice-2\/\",\"url\":\"http:\/\/www.lenger.hr\/en\/proizvodi\/poliester-priveznice-2\/\",\"name\":\"[:hr]Poliester priveznice[:en]Poliester slings[:] - LENGER d.o.o.\",\"isPartOf\":{\"@id\":\"https:\/\/www.lenger.hr\/en\/#website\"},\"primaryImageOfPage\":{\"@id\":\"http:\/\/www.lenger.hr\/en\/proizvodi\/poliester-priveznice-2\/#primaryimage\"},\"image\":{\"@id\":\"http:\/\/www.lenger.hr\/en\/proizvodi\/poliester-priveznice-2\/#primaryimage\"},\"thumbnailUrl\":\"http:\/\/www.lenger.hr\/wp-content\/uploads\/2017\/02\/poliester-priveznice-gornja-slika.jpg\",\"datePublished\":\"2017-02-22T11:49:22+00:00\",\"dateModified\":\"2024-07-22T15:00:48+00:00\",\"breadcrumb\":{\"@id\":\"http:\/\/www.lenger.hr\/en\/proizvodi\/poliester-priveznice-2\/#breadcrumb\"},\"inLanguage\":\"en-US\",\"potentialAction\":[{\"@type\":\"ReadAction\",\"target\":[\"http:\/\/www.lenger.hr\/en\/proizvodi\/poliester-priveznice-2\/\"]}]},{\"@type\":\"ImageObject\",\"inLanguage\":\"en-US\",\"@id\":\"http:\/\/www.lenger.hr\/en\/proizvodi\/poliester-priveznice-2\/#primaryimage\",\"url\":\"http:\/\/www.lenger.hr\/wp-content\/uploads\/2017\/02\/poliester-priveznice-gornja-slika.jpg\",\"contentUrl\":\"http:\/\/www.lenger.hr\/wp-content\/uploads\/2017\/02\/poliester-priveznice-gornja-slika.jpg\",\"width\":810,\"height\":220},{\"@type\":\"BreadcrumbList\",\"@id\":\"http:\/\/www.lenger.hr\/en\/proizvodi\/poliester-priveznice-2\/#breadcrumb\",\"itemListElement\":[{\"@type\":\"ListItem\",\"position\":1,\"name\":\"Po\u010detna stranica\",\"item\":\"https:\/\/www.lenger.hr\/en\/\"},{\"@type\":\"ListItem\",\"position\":2,\"name\":\"Products\",\"item\":\"https:\/\/www.lenger.hr\/en\/proizvodi\/\"},{\"@type\":\"ListItem\",\"position\":3,\"name\":\"Poliester slings\"}]},{\"@type\":\"WebSite\",\"@id\":\"https:\/\/www.lenger.hr\/en\/#website\",\"url\":\"https:\/\/www.lenger.hr\/en\/\",\"name\":\"LENGER d.o.o.\",\"description\":\"\",\"potentialAction\":[{\"@type\":\"SearchAction\",\"target\":{\"@type\":\"EntryPoint\",\"urlTemplate\":\"https:\/\/www.lenger.hr\/en\/?s={search_term_string}\"},\"query-input\":{\"@type\":\"PropertyValueSpecification\",\"valueRequired\":true,\"valueName\":\"search_term_string\"}}],\"inLanguage\":\"en-US\"}]}<\/script>\n<!-- \/ Yoast SEO plugin. -->","yoast_head_json":{"title":"[:hr]Poliester priveznice[:en]Poliester slings[:] - LENGER d.o.o.","robots":{"index":"index","follow":"follow","max-snippet":"max-snippet:-1","max-image-preview":"max-image-preview:large","max-video-preview":"max-video-preview:-1"},"canonical":"http:\/\/www.lenger.hr\/en\/proizvodi\/poliester-priveznice-2\/","og_locale":"en_US","og_type":"article","og_title":"[:hr]Poliester priveznice[:en]Poliester slings[:] - LENGER d.o.o.","og_description":"[vc_row css=&#8221;.vc_custom_1487689285221{margin-bottom: 20px !important;}&#8221;][vc_column][\/vc_column][\/vc_row]","og_url":"http:\/\/www.lenger.hr\/en\/proizvodi\/poliester-priveznice-2\/","og_site_name":"LENGER d.o.o.","article_modified_time":"2024-07-22T15:00:48+00:00","og_image":[{"width":810,"height":220,"url":"http:\/\/www.lenger.hr\/wp-content\/uploads\/2017\/02\/poliester-priveznice-gornja-slika.jpg","type":"image\/jpeg"}],"twitter_card":"summary_large_image","twitter_misc":{"Est. reading time":"1 minute"},"schema":{"@context":"https:\/\/schema.org","@graph":[{"@type":"WebPage","@id":"http:\/\/www.lenger.hr\/en\/proizvodi\/poliester-priveznice-2\/","url":"http:\/\/www.lenger.hr\/en\/proizvodi\/poliester-priveznice-2\/","name":"[:hr]Poliester priveznice[:en]Poliester slings[:] - LENGER d.o.o.","isPartOf":{"@id":"https:\/\/www.lenger.hr\/en\/#website"},"primaryImageOfPage":{"@id":"http:\/\/www.lenger.hr\/en\/proizvodi\/poliester-priveznice-2\/#primaryimage"},"image":{"@id":"http:\/\/www.lenger.hr\/en\/proizvodi\/poliester-priveznice-2\/#primaryimage"},"thumbnailUrl":"http:\/\/www.lenger.hr\/wp-content\/uploads\/2017\/02\/poliester-priveznice-gornja-slika.jpg","datePublished":"2017-02-22T11:49:22+00:00","dateModified":"2024-07-22T15:00:48+00:00","breadcrumb":{"@id":"http:\/\/www.lenger.hr\/en\/proizvodi\/poliester-priveznice-2\/#breadcrumb"},"inLanguage":"en-US","potentialAction":[{"@type":"ReadAction","target":["http:\/\/www.lenger.hr\/en\/proizvodi\/poliester-priveznice-2\/"]}]},{"@type":"ImageObject","inLanguage":"en-US","@id":"http:\/\/www.lenger.hr\/en\/proizvodi\/poliester-priveznice-2\/#primaryimage","url":"http:\/\/www.lenger.hr\/wp-content\/uploads\/2017\/02\/poliester-priveznice-gornja-slika.jpg","contentUrl":"http:\/\/www.lenger.hr\/wp-content\/uploads\/2017\/02\/poliester-priveznice-gornja-slika.jpg","width":810,"height":220},{"@type":"BreadcrumbList","@id":"http:\/\/www.lenger.hr\/en\/proizvodi\/poliester-priveznice-2\/#breadcrumb","itemListElement":[{"@type":"ListItem","position":1,"name":"Po\u010detna stranica","item":"https:\/\/www.lenger.hr\/en\/"},{"@type":"ListItem","position":2,"name":"Products","item":"https:\/\/www.lenger.hr\/en\/proizvodi\/"},{"@type":"ListItem","position":3,"name":"Poliester slings"}]},{"@type":"WebSite","@id":"https:\/\/www.lenger.hr\/en\/#website","url":"https:\/\/www.lenger.hr\/en\/","name":"LENGER d.o.o.","description":"","potentialAction":[{"@type":"SearchAction","target":{"@type":"EntryPoint","urlTemplate":"https:\/\/www.lenger.hr\/en\/?s={search_term_string}"},"query-input":{"@type":"PropertyValueSpecification","valueRequired":true,"valueName":"search_term_string"}}],"inLanguage":"en-US"}]}},"_links":{"self":[{"href":"http:\/\/www.lenger.hr\/en\/wp-json\/wp\/v2\/pages\/504","targetHints":{"allow":["GET"]}}],"collection":[{"href":"http:\/\/www.lenger.hr\/en\/wp-json\/wp\/v2\/pages"}],"about":[{"href":"http:\/\/www.lenger.hr\/en\/wp-json\/wp\/v2\/types\/page"}],"author":[{"embeddable":true,"href":"http:\/\/www.lenger.hr\/en\/wp-json\/wp\/v2\/users\/1"}],"replies":[{"embeddable":true,"href":"http:\/\/www.lenger.hr\/en\/wp-json\/wp\/v2\/comments?post=504"}],"version-history":[{"count":5,"href":"http:\/\/www.lenger.hr\/en\/wp-json\/wp\/v2\/pages\/504\/revisions"}],"predecessor-version":[{"id":896,"href":"http:\/\/www.lenger.hr\/en\/wp-json\/wp\/v2\/pages\/504\/revisions\/896"}],"up":[{"embeddable":true,"href":"http:\/\/www.lenger.hr\/en\/wp-json\/wp\/v2\/pages\/341"}],"wp:featuredmedia":[{"embeddable":true,"href":"http:\/\/www.lenger.hr\/en\/wp-json\/wp\/v2\/media\/721"}],"wp:attachment":[{"href":"http:\/\/www.lenger.hr\/en\/wp-json\/wp\/v2\/media?parent=504"}],"curies":[{"name":"wp","href":"https:\/\/api.w.org\/{rel}","templated":true}]}}