{"id":485,"date":"2017-02-22T11:29:20","date_gmt":"2017-02-22T11:29:20","guid":{"rendered":"http:\/\/www.lenger.hr\/?page_id=485"},"modified":"2021-09-21T10:42:43","modified_gmt":"2021-09-21T10:42:43","slug":"pribor-za-celicnu-uzad-i-lance","status":"publish","type":"page","link":"http:\/\/www.lenger.hr\/en\/proizvodi\/pribor-za-celicnu-uzad-i-lance\/","title":{"rendered":"Accessories and fittings"},"content":{"rendered":"<div class=\"wpb-content-wrapper\"><p>[vc_row css=&#8221;.vc_custom_1487689285221{margin-bottom: 20px !important;}&#8221;][vc_column]<div class=\"box-section   \" style=\" background-color:#ffffff !important;\">[vc_row_inner][vc_column_inner][vc_column_text]<a href=\"http:\/\/www.lenger.hr\/wp-content\/uploads\/2017\/03\/LENGER-KATALOG.pdf\"  class=\"btn btn-sm btn-default   \" style=\"\"><i class=\"fa fa-file-pdf-o\"><\/i>LENGER katalog PDF (32 MB)<\/a><\/p>\n<a href=\"http:\/\/www.lenger.hr\/wp-content\/uploads\/2017\/02\/Crosby_General_Catalog_English_Metric.pdf\"  class=\"btn btn-sm btn-default   \" style=\"\"><i class=\"fa fa-file-pdf-o\"><\/i>Crosby katalog PDF (72 MB)<\/a>\n<p><a href=\"http:\/\/www.lenger.hr\/katalog\/\"  class=\"btn btn-sm btn-default   \" style=\"\"><i class=\"fa fa-hand-paper-o\"><\/i>Read online<\/a>[\/vc_column_text][vc_gallery type=&#8221;image_grid&#8221; images=&#8221;486,487,488,489,490,491,492&#8243;][\/vc_column_inner][\/vc_row_inner]<\/div>[\/vc_column][\/vc_row]<\/p>\n<\/div>","protected":false},"excerpt":{"rendered":"<p>[vc_row css=&#8221;.vc_custom_1487689285221{margin-bottom: 20px !important;}&#8221;][vc_column][\/vc_column][\/vc_row]<\/p>\n","protected":false},"author":1,"featured_media":496,"parent":341,"menu_order":0,"comment_status":"closed","ping_status":"closed","template":"","meta":{"footnotes":""},"class_list":["post-485","page","type-page","status-publish","has-post-thumbnail","hentry"],"yoast_head":"<!-- This site is optimized with the Yoast SEO plugin v27.0 - https:\/\/yoast.com\/product\/yoast-seo-wordpress\/ -->\n<title>Accessories and fittings - LENGER d.o.o.<\/title>\n<meta name=\"robots\" content=\"index, follow, max-snippet:-1, max-image-preview:large, max-video-preview:-1\" \/>\n<link rel=\"canonical\" href=\"http:\/\/www.lenger.hr\/en\/proizvodi\/pribor-za-celicnu-uzad-i-lance\/\" \/>\n<meta property=\"og:locale\" content=\"en_US\" \/>\n<meta property=\"og:type\" content=\"article\" \/>\n<meta property=\"og:title\" content=\"[:hr]Pribor za \u010deli\u010dnu u\u017ead i lance[:en]Accessories and fittings[:] - LENGER d.o.o.\" \/>\n<meta property=\"og:description\" content=\"[vc_row css=&#8221;.vc_custom_1487689285221{margin-bottom: 20px !important;}&#8221;][vc_column][\/vc_column][\/vc_row]\" \/>\n<meta property=\"og:url\" content=\"http:\/\/www.lenger.hr\/en\/proizvodi\/pribor-za-celicnu-uzad-i-lance\/\" \/>\n<meta property=\"og:site_name\" content=\"LENGER d.o.o.\" \/>\n<meta property=\"article:modified_time\" content=\"2021-09-21T10:42:43+00:00\" \/>\n<meta property=\"og:image\" content=\"http:\/\/www.lenger.hr\/wp-content\/uploads\/2017\/02\/pribor-za-celicnu-uzad-header.jpg\" \/>\n\t<meta property=\"og:image:width\" content=\"810\" \/>\n\t<meta property=\"og:image:height\" content=\"220\" \/>\n\t<meta property=\"og:image:type\" content=\"image\/jpeg\" \/>\n<meta name=\"twitter:card\" content=\"summary_large_image\" \/>\n<meta name=\"twitter:label1\" content=\"Est. reading time\" \/>\n\t<meta name=\"twitter:data1\" content=\"2 minutes\" \/>\n<script type=\"application\/ld+json\" class=\"yoast-schema-graph\">{\"@context\":\"https:\/\/schema.org\",\"@graph\":[{\"@type\":\"WebPage\",\"@id\":\"http:\/\/www.lenger.hr\/en\/proizvodi\/pribor-za-celicnu-uzad-i-lance\/\",\"url\":\"http:\/\/www.lenger.hr\/en\/proizvodi\/pribor-za-celicnu-uzad-i-lance\/\",\"name\":\"[:hr]Pribor za \u010deli\u010dnu u\u017ead i lance[:en]Accessories and fittings[:] - LENGER d.o.o.\",\"isPartOf\":{\"@id\":\"http:\/\/www.lenger.hr\/#website\"},\"primaryImageOfPage\":{\"@id\":\"http:\/\/www.lenger.hr\/en\/proizvodi\/pribor-za-celicnu-uzad-i-lance\/#primaryimage\"},\"image\":{\"@id\":\"http:\/\/www.lenger.hr\/en\/proizvodi\/pribor-za-celicnu-uzad-i-lance\/#primaryimage\"},\"thumbnailUrl\":\"http:\/\/www.lenger.hr\/wp-content\/uploads\/2017\/02\/pribor-za-celicnu-uzad-header.jpg\",\"datePublished\":\"2017-02-22T11:29:20+00:00\",\"dateModified\":\"2021-09-21T10:42:43+00:00\",\"breadcrumb\":{\"@id\":\"http:\/\/www.lenger.hr\/en\/proizvodi\/pribor-za-celicnu-uzad-i-lance\/#breadcrumb\"},\"inLanguage\":\"en-US\",\"potentialAction\":[{\"@type\":\"ReadAction\",\"target\":[\"http:\/\/www.lenger.hr\/en\/proizvodi\/pribor-za-celicnu-uzad-i-lance\/\"]}]},{\"@type\":\"ImageObject\",\"inLanguage\":\"en-US\",\"@id\":\"http:\/\/www.lenger.hr\/en\/proizvodi\/pribor-za-celicnu-uzad-i-lance\/#primaryimage\",\"url\":\"http:\/\/www.lenger.hr\/wp-content\/uploads\/2017\/02\/pribor-za-celicnu-uzad-header.jpg\",\"contentUrl\":\"http:\/\/www.lenger.hr\/wp-content\/uploads\/2017\/02\/pribor-za-celicnu-uzad-header.jpg\",\"width\":810,\"height\":220},{\"@type\":\"BreadcrumbList\",\"@id\":\"http:\/\/www.lenger.hr\/en\/proizvodi\/pribor-za-celicnu-uzad-i-lance\/#breadcrumb\",\"itemListElement\":[{\"@type\":\"ListItem\",\"position\":1,\"name\":\"Po\u010detna stranica\",\"item\":\"https:\/\/www.lenger.hr\/\"},{\"@type\":\"ListItem\",\"position\":2,\"name\":\"Proizvodi\",\"item\":\"https:\/\/www.lenger.hr\/proizvodi\/\"},{\"@type\":\"ListItem\",\"position\":3,\"name\":\"Accessories and fittings\"}]},{\"@type\":\"WebSite\",\"@id\":\"http:\/\/www.lenger.hr\/#website\",\"url\":\"http:\/\/www.lenger.hr\/\",\"name\":\"LENGER d.o.o.\",\"description\":\"\",\"potentialAction\":[{\"@type\":\"SearchAction\",\"target\":{\"@type\":\"EntryPoint\",\"urlTemplate\":\"http:\/\/www.lenger.hr\/?s={search_term_string}\"},\"query-input\":{\"@type\":\"PropertyValueSpecification\",\"valueRequired\":true,\"valueName\":\"search_term_string\"}}],\"inLanguage\":\"en-US\"}]}<\/script>\n<!-- \/ Yoast SEO plugin. -->","yoast_head_json":{"title":"[:hr]Pribor za \u010deli\u010dnu u\u017ead i lance[:en]Accessories and fittings[:] - LENGER d.o.o.","robots":{"index":"index","follow":"follow","max-snippet":"max-snippet:-1","max-image-preview":"max-image-preview:large","max-video-preview":"max-video-preview:-1"},"canonical":"http:\/\/www.lenger.hr\/en\/proizvodi\/pribor-za-celicnu-uzad-i-lance\/","og_locale":"en_US","og_type":"article","og_title":"[:hr]Pribor za \u010deli\u010dnu u\u017ead i lance[:en]Accessories and fittings[:] - LENGER d.o.o.","og_description":"[vc_row css=&#8221;.vc_custom_1487689285221{margin-bottom: 20px !important;}&#8221;][vc_column][\/vc_column][\/vc_row]","og_url":"http:\/\/www.lenger.hr\/en\/proizvodi\/pribor-za-celicnu-uzad-i-lance\/","og_site_name":"LENGER d.o.o.","article_modified_time":"2021-09-21T10:42:43+00:00","og_image":[{"width":810,"height":220,"url":"http:\/\/www.lenger.hr\/wp-content\/uploads\/2017\/02\/pribor-za-celicnu-uzad-header.jpg","type":"image\/jpeg"}],"twitter_card":"summary_large_image","twitter_misc":{"Est. reading time":"2 minutes"},"schema":{"@context":"https:\/\/schema.org","@graph":[{"@type":"WebPage","@id":"http:\/\/www.lenger.hr\/en\/proizvodi\/pribor-za-celicnu-uzad-i-lance\/","url":"http:\/\/www.lenger.hr\/en\/proizvodi\/pribor-za-celicnu-uzad-i-lance\/","name":"[:hr]Pribor za \u010deli\u010dnu u\u017ead i lance[:en]Accessories and fittings[:] - LENGER d.o.o.","isPartOf":{"@id":"http:\/\/www.lenger.hr\/#website"},"primaryImageOfPage":{"@id":"http:\/\/www.lenger.hr\/en\/proizvodi\/pribor-za-celicnu-uzad-i-lance\/#primaryimage"},"image":{"@id":"http:\/\/www.lenger.hr\/en\/proizvodi\/pribor-za-celicnu-uzad-i-lance\/#primaryimage"},"thumbnailUrl":"http:\/\/www.lenger.hr\/wp-content\/uploads\/2017\/02\/pribor-za-celicnu-uzad-header.jpg","datePublished":"2017-02-22T11:29:20+00:00","dateModified":"2021-09-21T10:42:43+00:00","breadcrumb":{"@id":"http:\/\/www.lenger.hr\/en\/proizvodi\/pribor-za-celicnu-uzad-i-lance\/#breadcrumb"},"inLanguage":"en-US","potentialAction":[{"@type":"ReadAction","target":["http:\/\/www.lenger.hr\/en\/proizvodi\/pribor-za-celicnu-uzad-i-lance\/"]}]},{"@type":"ImageObject","inLanguage":"en-US","@id":"http:\/\/www.lenger.hr\/en\/proizvodi\/pribor-za-celicnu-uzad-i-lance\/#primaryimage","url":"http:\/\/www.lenger.hr\/wp-content\/uploads\/2017\/02\/pribor-za-celicnu-uzad-header.jpg","contentUrl":"http:\/\/www.lenger.hr\/wp-content\/uploads\/2017\/02\/pribor-za-celicnu-uzad-header.jpg","width":810,"height":220},{"@type":"BreadcrumbList","@id":"http:\/\/www.lenger.hr\/en\/proizvodi\/pribor-za-celicnu-uzad-i-lance\/#breadcrumb","itemListElement":[{"@type":"ListItem","position":1,"name":"Po\u010detna stranica","item":"https:\/\/www.lenger.hr\/"},{"@type":"ListItem","position":2,"name":"Proizvodi","item":"https:\/\/www.lenger.hr\/proizvodi\/"},{"@type":"ListItem","position":3,"name":"Accessories and fittings"}]},{"@type":"WebSite","@id":"http:\/\/www.lenger.hr\/#website","url":"http:\/\/www.lenger.hr\/","name":"LENGER d.o.o.","description":"","potentialAction":[{"@type":"SearchAction","target":{"@type":"EntryPoint","urlTemplate":"http:\/\/www.lenger.hr\/?s={search_term_string}"},"query-input":{"@type":"PropertyValueSpecification","valueRequired":true,"valueName":"search_term_string"}}],"inLanguage":"en-US"}]}},"_links":{"self":[{"href":"http:\/\/www.lenger.hr\/en\/wp-json\/wp\/v2\/pages\/485","targetHints":{"allow":["GET"]}}],"collection":[{"href":"http:\/\/www.lenger.hr\/en\/wp-json\/wp\/v2\/pages"}],"about":[{"href":"http:\/\/www.lenger.hr\/en\/wp-json\/wp\/v2\/types\/page"}],"author":[{"embeddable":true,"href":"http:\/\/www.lenger.hr\/en\/wp-json\/wp\/v2\/users\/1"}],"replies":[{"embeddable":true,"href":"http:\/\/www.lenger.hr\/en\/wp-json\/wp\/v2\/comments?post=485"}],"version-history":[{"count":5,"href":"http:\/\/www.lenger.hr\/en\/wp-json\/wp\/v2\/pages\/485\/revisions"}],"predecessor-version":[{"id":843,"href":"http:\/\/www.lenger.hr\/en\/wp-json\/wp\/v2\/pages\/485\/revisions\/843"}],"up":[{"embeddable":true,"href":"http:\/\/www.lenger.hr\/en\/wp-json\/wp\/v2\/pages\/341"}],"wp:featuredmedia":[{"embeddable":true,"href":"http:\/\/www.lenger.hr\/en\/wp-json\/wp\/v2\/media\/496"}],"wp:attachment":[{"href":"http:\/\/www.lenger.hr\/en\/wp-json\/wp\/v2\/media?parent=485"}],"curies":[{"name":"wp","href":"https:\/\/api.w.org\/{rel}","templated":true}]}}