{"id":35,"date":"2015-02-28T15:41:31","date_gmt":"2015-02-28T15:41:31","guid":{"rendered":"http:\/\/unikvc.weblusive-themes.com\/?page_id=35"},"modified":"2025-11-21T10:56:38","modified_gmt":"2025-11-21T10:56:38","slug":"home-default","status":"publish","type":"page","link":"http:\/\/www.lenger.hr\/en\/","title":{"rendered":"Homepage"},"content":{"rendered":"<div class=\"wpb-content-wrapper\"><p>[vc_row css=&#8221;.vc_custom_1425147672355{margin-bottom: 20px !important;}&#8221;][vc_column]<div class=\"box-section   float-image-section\" style=\"\"><h2 class=\"   \" >O nama<\/h2>[vc_column_text css=&#8221;.vc_custom_1669388930978{margin-bottom: 0px !important;}&#8221;]<\/p>\n<div class=\"float-box\">\n<p><img loading=\"lazy\" decoding=\"async\" class=\"wp-image-641 size-medium alignleft\" src=\"http:\/\/www.lenger.hr\/wp-content\/uploads\/2015\/02\/o-nama-homepage-300x173.png\" width=\"300\" height=\"173\" srcset=\"http:\/\/www.lenger.hr\/wp-content\/uploads\/2015\/02\/o-nama-homepage-300x173.png 300w, http:\/\/www.lenger.hr\/wp-content\/uploads\/2015\/02\/o-nama-homepage.png 384w\" sizes=\"auto, (max-width: 300px) 100vw, 300px\" \/>Tvtrka LENGER d.o.o. je osnovana 1992. godine u Zagrebu i od tada uspje\u0161no posluje prete\u017eno na hrvatskom ali i na tr\u017ei\u0161tima okolnih zemalja. Specijalizirani smo za veleprodaju opreme za dizanje, prihvat i transport tereta kao \u0161to&#8230;<\/p>\n<p><a href=\"http:\/\/www.lenger.hr\/o-nama\/\">Op\u0161irnije<\/a><\/p>\n<\/div>\n<p>[\/vc_column_text]<\/div>[\/vc_column][\/vc_row][vc_row css=&#8221;.vc_custom_1425147672355{margin-bottom: 20px !important;}&#8221;][vc_column]<div class=\"box-section   unik-section\" style=\"\"><h2 class=\"   \" >Za\u0161to nas odabrati?<\/h2>[vc_row_inner css=&#8221;.vc_custom_1425206599061{margin-bottom: -20px !important;}&#8221;][vc_column_inner width=&#8221;1\/3&#8243;][vc_column_text css=&#8221;.vc_custom_1487942887468{margin-bottom: 0px !important;}&#8221;]<\/p>\n<div class=\"image-place\"><img loading=\"lazy\" decoding=\"async\" class=\"alignnone wp-image-408\" src=\"http:\/\/www.lenger.hr\/wp-content\/uploads\/2017\/02\/2-v1.jpg\" alt=\"\" width=\"203\" height=\"172\" \/><\/div>\n<p>[\/vc_column_text][\/vc_column_inner][vc_column_inner width=&#8221;2\/3&#8243; css=&#8221;.vc_custom_1425206608678{margin-bottom: 0px !important;}&#8221;]<ul class=\"feature-list  \">\n\t\t\t<li>\n\t\t\t\t<a href=\"#\" target=\"_self\"><i class=\"fa fa-cogs\"><\/i><\/a>\n\t\t\t\t<h3>visokokvalitetni proizvodi renomiranih proizvo\u0111a\u010da<\/h3>\n\t\t\t\t<p>Crosby, Straightpoint, Carl Stahl<\/p>\n\t\t\t <\/li>\n\n\t\t\t<li>\n\t\t\t\t<a href=\"#\" target=\"_self\"><i class=\"fa fa-envelope\"><\/i><\/a>\n\t\t\t\t<h3>sva roba atestirana<\/h3>\n\t\t\t\t<p>uz svu robu dolaze izjave o sukladnosti i odgovaraju\u0107i atesti<\/p>\n\t\t\t <\/li>\n\n\t\t\t<li>\n\t\t\t\t<a href=\"#\" target=\"_self\"><i class=\"fa fa-html5\"><\/i><\/a>\n\t\t\t\t<h3>stru\u010dnost u rje\u0161avanju potreba kupca<\/h3>\n\t\t\t\t<p>uvijek \u0107emo se potruditi savjetom pomo\u0107i va\u0161 odabir prilikom kupnje<\/p>\n\t\t\t <\/li><\/ul>[\/vc_column_inner][\/vc_row_inner]<\/div>[\/vc_column][\/vc_row][vc_row css=&#8221;.vc_custom_1425147680220{margin-bottom: 20px !important;}&#8221;][vc_column]<div class=\"box-section   client-section\" style=\"\"><h2 class=\"   \" >Generalni zastupnik i distributer za Hrvatsku tvrtki<\/h2>\n\t\t<div class=\"carshort \">\n\t\t\t\t<ul class=\"clients-logo customcar65139 clients\" id=\"brands\" ><li><a href=\"https:\/\/www.cordes.eu\/en\"><img loading=\"lazy\" decoding=\"async\" class=\"alignnone size-full wp-image-931\" src=\"http:\/\/www.lenger.hr\/wp-content\/uploads\/2025\/11\/logo-en-GB.png\" alt=\"\" width=\"286\" height=\"90\" \/><\/a><\/li>\n<li><a href=\"https:\/\/www.variofit.com\/en\"><img loading=\"lazy\" decoding=\"async\" class=\"alignnone size-medium wp-image-930\" src=\"http:\/\/www.lenger.hr\/wp-content\/uploads\/2025\/11\/variofit-logo-300x124.jpg\" alt=\"\" width=\"300\" height=\"124\" srcset=\"http:\/\/www.lenger.hr\/wp-content\/uploads\/2025\/11\/variofit-logo-300x124.jpg 300w, http:\/\/www.lenger.hr\/wp-content\/uploads\/2025\/11\/variofit-logo.jpg 581w\" sizes=\"auto, (max-width: 300px) 100vw, 300px\" \/><\/a><\/li>\n<li><a href=\"http:\/\/www.carlstahl.com\/divisions.html\" target=\"_blank\" rel=\"noopener noreferrer\"><img loading=\"lazy\" decoding=\"async\" class=\"alignnone wp-image-388 size-full\" src=\"http:\/\/www.lenger.hr\/wp-content\/uploads\/2015\/02\/carl-stahl-b-w-logo.jpg\" width=\"237\" height=\"128\" \/><\/a><\/li>\n<li><img loading=\"lazy\" decoding=\"async\" class=\"alignnone size-full wp-image-886\" src=\"http:\/\/www.lenger.hr\/wp-content\/uploads\/2024\/07\/spanset-web.png\" alt=\"\" width=\"237\" height=\"128\" \/><\/li>\n<li><a href=\"http:\/\/www.straightpoint.com\/\" target=\"_blank\" rel=\"noopener noreferrer\"><img loading=\"lazy\" decoding=\"async\" class=\"alignnone wp-image-390 size-full\" src=\"http:\/\/www.lenger.hr\/wp-content\/uploads\/2015\/02\/straightpoint-uk-logo-cb.jpg\" width=\"237\" height=\"128\" \/><\/a><\/li>\n\t\t\t\t<\/ul>\n\t\t<\/div>\n\t\t<script type=\"text\/javascript\">\n\t\t\tjQuery(document).ready(function(){\n\t\t\t\tjQuery(\".customcar65139\").bxSlider({ \n\t\t\t\t\tslideWidth: 257,\n\t\t\t\t\tminSlides: 1,\n\t\t\t\t\tmaxSlides: 4,\n\t\t\t\t\tauto: false,\n\t\t\t\t\tpause : 4000,\n\t\t\t\t\tslideMargin: 0,\n\t\t\t\t\tpager:false,\n\t\t\t\t\tcontrols: true,\n\t\t\t\t\tnextText: \"\",\n\t\t\t\t\tprevText:\"\"\n\t\t\t\t});\n\t\t\t\t})\n\t\t<\/script><\/div>[\/vc_column][\/vc_row]<\/p>\n<\/div>","protected":false},"excerpt":{"rendered":"<p>[vc_row css=&#8221;.vc_custom_1425147672355{margin-bottom: 20px !important;}&#8221;][vc_column][\/vc_column][\/vc_row][vc_row css=&#8221;.vc_custom_1425147672355{margin-bottom: 20px !important;}&#8221;][vc_column][\/vc_column][\/vc_row][vc_row css=&#8221;.vc_custom_1425147680220{margin-bottom: 20px !important;}&#8221;][vc_column][\/vc_column][\/vc_row]<\/p>\n","protected":false},"author":1,"featured_media":0,"parent":0,"menu_order":0,"comment_status":"open","ping_status":"open","template":"homepage-template.php","meta":{"footnotes":""},"class_list":["post-35","page","type-page","status-publish","hentry"],"yoast_head":"<!-- This site is optimized with the Yoast SEO plugin v27.0 - https:\/\/yoast.com\/product\/yoast-seo-wordpress\/ -->\n<title>Homepage - LENGER d.o.o.<\/title>\n<meta name=\"robots\" content=\"index, follow, max-snippet:-1, max-image-preview:large, max-video-preview:-1\" \/>\n<link rel=\"canonical\" href=\"https:\/\/www.lenger.hr\/en\/\" \/>\n<meta property=\"og:locale\" content=\"en_US\" \/>\n<meta property=\"og:type\" content=\"article\" \/>\n<meta property=\"og:title\" content=\"[:hr]Po\u010detna[:en]Homepage[:] - LENGER d.o.o.\" \/>\n<meta property=\"og:description\" content=\"[vc_row css=&#8221;.vc_custom_1425147672355{margin-bottom: 20px !important;}&#8221;][vc_column][\/vc_column][\/vc_row][vc_row css=&#8221;.vc_custom_1425147672355{margin-bottom: 20px !important;}&#8221;][vc_column][\/vc_column][\/vc_row][vc_row css=&#8221;.vc_custom_1425147680220{margin-bottom: 20px !important;}&#8221;][vc_column][\/vc_column][\/vc_row]\" \/>\n<meta property=\"og:url\" content=\"https:\/\/www.lenger.hr\/en\/\" \/>\n<meta property=\"og:site_name\" content=\"LENGER d.o.o.\" \/>\n<meta property=\"article:modified_time\" content=\"2025-11-21T10:56:38+00:00\" \/>\n<meta property=\"og:image\" content=\"http:\/\/www.lenger.hr\/wp-content\/uploads\/2015\/02\/o-nama-homepage-300x173.png\" \/>\n<meta name=\"twitter:card\" content=\"summary_large_image\" \/>\n<meta name=\"twitter:label1\" content=\"Est. reading time\" \/>\n\t<meta name=\"twitter:data1\" content=\"3 minutes\" \/>\n<script type=\"application\/ld+json\" class=\"yoast-schema-graph\">{\"@context\":\"https:\/\/schema.org\",\"@graph\":[{\"@type\":\"WebPage\",\"@id\":\"https:\/\/www.lenger.hr\/en\/\",\"url\":\"https:\/\/www.lenger.hr\/en\/\",\"name\":\"[:hr]Po\u010detna[:en]Homepage[:] - LENGER d.o.o.\",\"isPartOf\":{\"@id\":\"https:\/\/www.lenger.hr\/en\/#website\"},\"primaryImageOfPage\":{\"@id\":\"https:\/\/www.lenger.hr\/en\/#primaryimage\"},\"image\":{\"@id\":\"https:\/\/www.lenger.hr\/en\/#primaryimage\"},\"thumbnailUrl\":\"http:\/\/www.lenger.hr\/wp-content\/uploads\/2015\/02\/o-nama-homepage-300x173.png\",\"datePublished\":\"2015-02-28T15:41:31+00:00\",\"dateModified\":\"2025-11-21T10:56:38+00:00\",\"breadcrumb\":{\"@id\":\"https:\/\/www.lenger.hr\/en\/#breadcrumb\"},\"inLanguage\":\"en-US\",\"potentialAction\":[{\"@type\":\"ReadAction\",\"target\":[\"https:\/\/www.lenger.hr\/en\/\"]}]},{\"@type\":\"ImageObject\",\"inLanguage\":\"en-US\",\"@id\":\"https:\/\/www.lenger.hr\/en\/#primaryimage\",\"url\":\"http:\/\/www.lenger.hr\/wp-content\/uploads\/2015\/02\/o-nama-homepage-300x173.png\",\"contentUrl\":\"http:\/\/www.lenger.hr\/wp-content\/uploads\/2015\/02\/o-nama-homepage-300x173.png\"},{\"@type\":\"BreadcrumbList\",\"@id\":\"https:\/\/www.lenger.hr\/en\/#breadcrumb\",\"itemListElement\":[{\"@type\":\"ListItem\",\"position\":1,\"name\":\"Po\u010detna stranica\",\"item\":\"https:\/\/www.lenger.hr\/en\/\"},{\"@type\":\"ListItem\",\"position\":2,\"name\":\"Homepage\"}]},{\"@type\":\"WebSite\",\"@id\":\"https:\/\/www.lenger.hr\/en\/#website\",\"url\":\"https:\/\/www.lenger.hr\/en\/\",\"name\":\"LENGER d.o.o.\",\"description\":\"\",\"potentialAction\":[{\"@type\":\"SearchAction\",\"target\":{\"@type\":\"EntryPoint\",\"urlTemplate\":\"https:\/\/www.lenger.hr\/en\/?s={search_term_string}\"},\"query-input\":{\"@type\":\"PropertyValueSpecification\",\"valueRequired\":true,\"valueName\":\"search_term_string\"}}],\"inLanguage\":\"en-US\"}]}<\/script>\n<!-- \/ Yoast SEO plugin. -->","yoast_head_json":{"title":"[:hr]Po\u010detna[:en]Homepage[:] - LENGER d.o.o.","robots":{"index":"index","follow":"follow","max-snippet":"max-snippet:-1","max-image-preview":"max-image-preview:large","max-video-preview":"max-video-preview:-1"},"canonical":"https:\/\/www.lenger.hr\/en\/","og_locale":"en_US","og_type":"article","og_title":"[:hr]Po\u010detna[:en]Homepage[:] - LENGER d.o.o.","og_description":"[vc_row css=&#8221;.vc_custom_1425147672355{margin-bottom: 20px !important;}&#8221;][vc_column][\/vc_column][\/vc_row][vc_row css=&#8221;.vc_custom_1425147672355{margin-bottom: 20px !important;}&#8221;][vc_column][\/vc_column][\/vc_row][vc_row css=&#8221;.vc_custom_1425147680220{margin-bottom: 20px !important;}&#8221;][vc_column][\/vc_column][\/vc_row]","og_url":"https:\/\/www.lenger.hr\/en\/","og_site_name":"LENGER d.o.o.","article_modified_time":"2025-11-21T10:56:38+00:00","og_image":[{"url":"http:\/\/www.lenger.hr\/wp-content\/uploads\/2015\/02\/o-nama-homepage-300x173.png","type":"","width":"","height":""}],"twitter_card":"summary_large_image","twitter_misc":{"Est. reading time":"3 minutes"},"schema":{"@context":"https:\/\/schema.org","@graph":[{"@type":"WebPage","@id":"https:\/\/www.lenger.hr\/en\/","url":"https:\/\/www.lenger.hr\/en\/","name":"[:hr]Po\u010detna[:en]Homepage[:] - LENGER d.o.o.","isPartOf":{"@id":"https:\/\/www.lenger.hr\/en\/#website"},"primaryImageOfPage":{"@id":"https:\/\/www.lenger.hr\/en\/#primaryimage"},"image":{"@id":"https:\/\/www.lenger.hr\/en\/#primaryimage"},"thumbnailUrl":"http:\/\/www.lenger.hr\/wp-content\/uploads\/2015\/02\/o-nama-homepage-300x173.png","datePublished":"2015-02-28T15:41:31+00:00","dateModified":"2025-11-21T10:56:38+00:00","breadcrumb":{"@id":"https:\/\/www.lenger.hr\/en\/#breadcrumb"},"inLanguage":"en-US","potentialAction":[{"@type":"ReadAction","target":["https:\/\/www.lenger.hr\/en\/"]}]},{"@type":"ImageObject","inLanguage":"en-US","@id":"https:\/\/www.lenger.hr\/en\/#primaryimage","url":"http:\/\/www.lenger.hr\/wp-content\/uploads\/2015\/02\/o-nama-homepage-300x173.png","contentUrl":"http:\/\/www.lenger.hr\/wp-content\/uploads\/2015\/02\/o-nama-homepage-300x173.png"},{"@type":"BreadcrumbList","@id":"https:\/\/www.lenger.hr\/en\/#breadcrumb","itemListElement":[{"@type":"ListItem","position":1,"name":"Po\u010detna stranica","item":"https:\/\/www.lenger.hr\/en\/"},{"@type":"ListItem","position":2,"name":"Homepage"}]},{"@type":"WebSite","@id":"https:\/\/www.lenger.hr\/en\/#website","url":"https:\/\/www.lenger.hr\/en\/","name":"LENGER d.o.o.","description":"","potentialAction":[{"@type":"SearchAction","target":{"@type":"EntryPoint","urlTemplate":"https:\/\/www.lenger.hr\/en\/?s={search_term_string}"},"query-input":{"@type":"PropertyValueSpecification","valueRequired":true,"valueName":"search_term_string"}}],"inLanguage":"en-US"}]}},"_links":{"self":[{"href":"http:\/\/www.lenger.hr\/en\/wp-json\/wp\/v2\/pages\/35","targetHints":{"allow":["GET"]}}],"collection":[{"href":"http:\/\/www.lenger.hr\/en\/wp-json\/wp\/v2\/pages"}],"about":[{"href":"http:\/\/www.lenger.hr\/en\/wp-json\/wp\/v2\/types\/page"}],"author":[{"embeddable":true,"href":"http:\/\/www.lenger.hr\/en\/wp-json\/wp\/v2\/users\/1"}],"replies":[{"embeddable":true,"href":"http:\/\/www.lenger.hr\/en\/wp-json\/wp\/v2\/comments?post=35"}],"version-history":[{"count":49,"href":"http:\/\/www.lenger.hr\/en\/wp-json\/wp\/v2\/pages\/35\/revisions"}],"predecessor-version":[{"id":935,"href":"http:\/\/www.lenger.hr\/en\/wp-json\/wp\/v2\/pages\/35\/revisions\/935"}],"wp:attachment":[{"href":"http:\/\/www.lenger.hr\/en\/wp-json\/wp\/v2\/media?parent=35"}],"curies":[{"name":"wp","href":"https:\/\/api.w.org\/{rel}","templated":true}]}}